{"id":569,"date":"2017-07-07T21:46:30","date_gmt":"2017-07-07T21:46:30","guid":{"rendered":"https:\/\/bayerwireless.com\/?page_id=569"},"modified":"2024-10-04T10:39:45","modified_gmt":"2024-10-04T08:39:45","slug":"nasa-misija","status":"publish","type":"page","link":"https:\/\/riba-panonica.hr\/en\/nasa-misija\/","title":{"rendered":"Na\u0161a misija"},"content":{"rendered":"<div class=\"wpb-content-wrapper\"><div class=\"vc_row wpb_row vc_row-fluid\"><div class=\"wpb_column vc_column_container vc_col-sm-12\"><div class=\"vc_column-inner\"><div class=\"wpb_wrapper\">\n\t<div class=\"wpb_text_column wpb_content_element\" >\n\t\t<div class=\"wpb_wrapper\">\n\t\t\t<p>U srcu Vukovara, uz veli\u010danstveni Dunav, s ljubavlju i stra\u0161\u0107u prema tradiciji i prirodi, stvaramo ne\u0161to posebno \u2013 proizvode od slatkovodne ribe koji nose na\u0161u posve\u0107enost u svaki zalogaj. Na\u0161a pri\u010da je vi\u0161e od hrane, to je spoj nespojivog, ne\u0161to \u0161to nas pokre\u0107e i daje nam smisao. Svaki na\u0161 proizvod nosi svoju pri\u010du i vrijedi svake pa\u017enje.<\/p>\n<p><strong>LAKO\u0106A<\/strong> \u2013 Na\u0161i proizvodi su lagani, ali zasitni. Osje\u0107at \u0107ete lako\u0107u u tijelu, jer je hrana koju stvaramo uravnote\u017eena i zdrava. Lako se pripremaju i brzo su na va\u0161em stolu, spremni da vam pru\u017ee obrok bez stresa.<\/p>\n<p><strong>ZNATI\u017dELJA<\/strong> \u2013 Poti\u010demo vas da istra\u017eujete nove okuse. Na\u0161i burgeri, \u0107evap\u010di\u0107i i kobasice od rije\u010dne ribe stvaraju priliku za otkrivanje ne\u010deg druga\u010dijeg, ne\u010deg neo\u010dekivanog, ali uzbudljivog. Neka znati\u017eelja vodi va\u0161e kulinarske izbore!<\/p>\n<p><strong>INOVACIJA<\/strong> \u2013 Mi spajamo ono \u0161to naizgled ne ide zajedno. Na\u0161i proizvodi donose svje\u017einu i inovaciju na tr\u017ei\u0161te. Slatkovodna riba, u obliku prakti\u010dnih i ukusnih proizvoda, postaje savr\u0161en dodatak va\u0161oj svakodnevnoj prehrani.<\/p>\n<p><strong>PRAKTI\u010cNOST<\/strong> \u2013 Svjesni smo koliko je svakodnevica brza, pa su na\u0161i proizvodi iznimno prakti\u010dni. Lako ih je pripremiti, brzo su gotovi, i \u0161to je najva\u017enije \u2013 lako ih je nabaviti. Bez komplikacija, samo \u010disti u\u017eitak.<\/p>\n<p><strong>\u017dIVJETI DOBRO<\/strong> \u2013 Na\u0161i proizvodi ne nude samo obrok, ve\u0107 i osje\u0107aj zadovoljstva. Rije\u010dna riba je puna proteina, vitamina i minerala, a na\u0161i recepti su kreirani s ciljem da vam pru\u017ee sve te blagodati uz maksimalan u\u017eitak u okusu. U\u017eivajte u svakodnevnim obrocima koji vas ispunjavaju, a ne optere\u0107uju.<\/p>\n<p><strong>U\u017dITAK<\/strong> \u2013 \u017divot je prepun u\u017eitaka, a jedan od najve\u0107ih je u\u017eivati u dobroj hrani. Na\u0161a misija je donijeti taj u\u017eitak u va\u0161u svakodnevicu \u2013 u\u017eivanje u svakom zalogaju, u jednostavnim, a vrhunskim okusima koje smo pa\u017eljivo osmislili za vas.<\/p>\n<p><strong>RIBA PANONICA<\/strong> \u2013 spajamo srce, prirodu i inovaciju, i donosimo vam najbolje od ribe, za bolje sutra.<\/p>\n<p>Spajamo razli\u010dite vrijednosti kako bismo stvorili jedinstveno iskustvo.<\/p>\n<p><strong>Lako\u0107a <\/strong>koja dolazi s pripremom na\u0161ih proizvoda, bez napora, omogu\u0107ava vam da u\u017eivate u zdravom obroku bez gubitka vremena.<\/p>\n<p><strong>Znati\u017eelja<\/strong> nas vodi naprijed \u2013 poti\u010de nas da istra\u017eujemo nove okuse i metode kako bismo vam donijeli najbolje od rije\u010dne ribe.<br \/>\n<strong>Inovacija<\/strong> je temelj svega \u0161to radimo, neprestano tra\u017eimo nove na\u010dine kako unaprijediti na\u0161e proizvode i procese.<br \/>\n<strong>Prakti\u010dnost<\/strong> je klju\u010dna u na\u0161em pristupu \u2013 proizvodi Panonica su lako dostupni i jednostavni za pripremu.<br \/>\nNa kraju, sve to zaokru\u017euje <strong>u\u017eitak<\/strong>\u00a0koji dolazi s konzumiranjem ovih ukusnih proizvoda.<\/p>\n<p>Iz spoja ovih vrijednosti nastaje <strong>RIBE PANONICA<\/strong>\u00a0\u2013 najbolje od ribe, za vas!<\/p>\n<p>Va\u017ean dio na\u0161e strategije jest kupcima ponuditi ono najbolje od slatkovodne ribe- kvalitetni proizvod, jednostavnu i brzu pripripremu te nepodno\u0161ljivu lako\u0107u gastro u\u017eivanja pri konzumaciji PANONICA DELICIJA. Od samog po\u010detka posebnu pa\u017enju pridajemo svje\u017eini sirovine : riba hrvatske u odabiru za preradu i proizvodnu RIBA PANONICA proizvoda.<\/p>\n<p>Naime, kvaliteta namirnica, zdrava prehrana ribom, paleta oblika i okusa PANONICA proizvoda te jednostavnost i brzina pripreme obroka jedna je od onih stvari koju \u017eelimo da kupci prepoznaju. Sada i ubudu\u0107e te\u017eimo tome da budemo druga\u010diji od drugih, odnosno u potpunosti svoji. Danas je RIBA PANONICA na tr\u017ei\u0161tu ponude zdrave i kvalitetne hrane i proizvoda od slatkovodne ribe<br \/>\nZa\u010detnik trenda slow fooda koji se priprema na najbr\u017ei na\u010din.Za pripremu PANONICA proizvoda potrebno je samo 15 tak minuta uz minimalni udio masno\u0107a.<\/p>\n<blockquote><p>\n\u201cDunav ima mnogo uloga ,ali glavna mu je da pokre\u0107e turbine gradova na svojoj obali i daje im \u017eivot.Kad to shvati ,\u010dovjek mo\u017ee i oti\u0107i s Dunava ,i \u017eivjeti drugdje,jer zna da neka mala ,nevidljiva turbina ,i na najve\u010doj daljini pokre\u0107e i njega.\u201d<\/p>\n<p>Pavao Pavli\u010di\u0107\n<\/p><\/blockquote>\n\n\t\t<\/div>\n\t<\/div>\n<\/div><\/div><\/div><\/div>\n<\/div>","protected":false},"excerpt":{"rendered":"U srcu Vukovara, uz veli\u010danstveni Dunav, s ljubavlju i stra\u0161\u0107u prema tradiciji i prirodi, stvaramo ne\u0161to posebno \u2013 proizvode od slatkovodne ribe koji nose na\u0161u posve\u0107enost u svaki zalogaj. Na\u0161a pri\u010da je vi\u0161e od hrane, to je spoj nespojivog, ne\u0161to \u0161to nas pokre\u0107e i daje nam smisao. Svaki na\u0161 proizvod nosi svoju pri\u010du i vrijedi svake pa\u017enje. LAKO\u0106A \u2013 Na\u0161i proizvodi su lagani, ali zasitni. Osje\u0107at \u0107ete lako\u0107u u tijelu, jer je hrana koju stvaramo uravnote\u017eena i zdrava. Lako se pripremaju i brzo su na va\u0161em stolu, spremni da vam pru\u017ee obrok bez stresa. ZNATI\u017dELJA \u2013 Poti\u010demo vas da istra\u017eujete nove okuse. Na\u0161i burgeri, \u0107evap\u010di\u0107i i kobasice od rije\u010dne ribe stvaraju priliku za otkrivanje ne\u010deg druga\u010dijeg, ne\u010deg neo\u010dekivanog, ali uzbudljivog. Neka znati\u017eelja vodi va\u0161e kulinarske izbore! INOVACIJA \u2013 Mi spajamo ono \u0161to naizgled ne ide zajedno. Na\u0161i proizvodi donose svje\u017einu [...]","protected":false},"author":1,"featured_media":0,"parent":0,"menu_order":0,"comment_status":"closed","ping_status":"closed","template":"page-templates\/full-width.php","meta":{"_acf_changed":false,"cybocfi_hide_featured_image":"","footnotes":""},"class_list":["post-569","page","type-page","status-publish","hentry"],"acf":[],"yoast_head":"<!-- This site is optimized with the Yoast SEO plugin v25.2 - https:\/\/yoast.com\/wordpress\/plugins\/seo\/ -->\n<title>Na\u0161a misija - Riba Panonica<\/title>\n<meta name=\"robots\" content=\"index, follow, max-snippet:-1, max-image-preview:large, max-video-preview:-1\" \/>\n<link rel=\"canonical\" href=\"https:\/\/riba-panonica.hr\/en\/nasa-misija\/\" \/>\n<meta property=\"og:locale\" content=\"en_GB\" \/>\n<meta property=\"og:type\" content=\"article\" \/>\n<meta property=\"og:title\" content=\"Na\u0161a misija - Riba Panonica\" \/>\n<meta property=\"og:url\" content=\"https:\/\/riba-panonica.hr\/en\/nasa-misija\/\" \/>\n<meta property=\"og:site_name\" content=\"Riba Panonica\" \/>\n<meta property=\"article:modified_time\" content=\"2024-10-04T08:39:45+00:00\" \/>\n<meta name=\"twitter:card\" content=\"summary_large_image\" \/>\n<meta name=\"twitter:label1\" content=\"Estimated reading time\" \/>\n\t<meta name=\"twitter:data1\" content=\"3 minutes\" \/>\n<script type=\"application\/ld+json\" class=\"yoast-schema-graph\">{\"@context\":\"https:\/\/schema.org\",\"@graph\":[{\"@type\":\"WebPage\",\"@id\":\"https:\/\/riba-panonica.hr\/nasa-misija\/\",\"url\":\"https:\/\/riba-panonica.hr\/nasa-misija\/\",\"name\":\"Na\u0161a misija - Riba Panonica\",\"isPartOf\":{\"@id\":\"https:\/\/riba-panonica.hr\/#website\"},\"datePublished\":\"2017-07-07T21:46:30+00:00\",\"dateModified\":\"2024-10-04T08:39:45+00:00\",\"breadcrumb\":{\"@id\":\"https:\/\/riba-panonica.hr\/nasa-misija\/#breadcrumb\"},\"inLanguage\":\"en-GB\",\"potentialAction\":[{\"@type\":\"ReadAction\",\"target\":[\"https:\/\/riba-panonica.hr\/nasa-misija\/\"]}]},{\"@type\":\"BreadcrumbList\",\"@id\":\"https:\/\/riba-panonica.hr\/nasa-misija\/#breadcrumb\",\"itemListElement\":[{\"@type\":\"ListItem\",\"position\":1,\"name\":\"Home\",\"item\":\"https:\/\/riba-panonica.hr\/\"},{\"@type\":\"ListItem\",\"position\":2,\"name\":\"Na\u0161a misija\"}]},{\"@type\":\"WebSite\",\"@id\":\"https:\/\/riba-panonica.hr\/#website\",\"url\":\"https:\/\/riba-panonica.hr\/\",\"name\":\"Riba Panonica\",\"description\":\"\",\"potentialAction\":[{\"@type\":\"SearchAction\",\"target\":{\"@type\":\"EntryPoint\",\"urlTemplate\":\"https:\/\/riba-panonica.hr\/?s={search_term_string}\"},\"query-input\":{\"@type\":\"PropertyValueSpecification\",\"valueRequired\":true,\"valueName\":\"search_term_string\"}}],\"inLanguage\":\"en-GB\"}]}<\/script>\n<!-- \/ Yoast SEO plugin. -->","yoast_head_json":{"title":"Na\u0161a misija - Riba Panonica","robots":{"index":"index","follow":"follow","max-snippet":"max-snippet:-1","max-image-preview":"max-image-preview:large","max-video-preview":"max-video-preview:-1"},"canonical":"https:\/\/riba-panonica.hr\/en\/nasa-misija\/","og_locale":"en_GB","og_type":"article","og_title":"Na\u0161a misija - Riba Panonica","og_url":"https:\/\/riba-panonica.hr\/en\/nasa-misija\/","og_site_name":"Riba Panonica","article_modified_time":"2024-10-04T08:39:45+00:00","twitter_card":"summary_large_image","twitter_misc":{"Estimated reading time":"3 minutes"},"schema":{"@context":"https:\/\/schema.org","@graph":[{"@type":"WebPage","@id":"https:\/\/riba-panonica.hr\/nasa-misija\/","url":"https:\/\/riba-panonica.hr\/nasa-misija\/","name":"Na\u0161a misija - Riba Panonica","isPartOf":{"@id":"https:\/\/riba-panonica.hr\/#website"},"datePublished":"2017-07-07T21:46:30+00:00","dateModified":"2024-10-04T08:39:45+00:00","breadcrumb":{"@id":"https:\/\/riba-panonica.hr\/nasa-misija\/#breadcrumb"},"inLanguage":"en-GB","potentialAction":[{"@type":"ReadAction","target":["https:\/\/riba-panonica.hr\/nasa-misija\/"]}]},{"@type":"BreadcrumbList","@id":"https:\/\/riba-panonica.hr\/nasa-misija\/#breadcrumb","itemListElement":[{"@type":"ListItem","position":1,"name":"Home","item":"https:\/\/riba-panonica.hr\/"},{"@type":"ListItem","position":2,"name":"Na\u0161a misija"}]},{"@type":"WebSite","@id":"https:\/\/riba-panonica.hr\/#website","url":"https:\/\/riba-panonica.hr\/","name":"Riba Panonica","description":"","potentialAction":[{"@type":"SearchAction","target":{"@type":"EntryPoint","urlTemplate":"https:\/\/riba-panonica.hr\/?s={search_term_string}"},"query-input":{"@type":"PropertyValueSpecification","valueRequired":true,"valueName":"search_term_string"}}],"inLanguage":"en-GB"}]}},"_links":{"self":[{"href":"https:\/\/riba-panonica.hr\/en\/wp-json\/wp\/v2\/pages\/569","targetHints":{"allow":["GET"]}}],"collection":[{"href":"https:\/\/riba-panonica.hr\/en\/wp-json\/wp\/v2\/pages"}],"about":[{"href":"https:\/\/riba-panonica.hr\/en\/wp-json\/wp\/v2\/types\/page"}],"author":[{"embeddable":true,"href":"https:\/\/riba-panonica.hr\/en\/wp-json\/wp\/v2\/users\/1"}],"replies":[{"embeddable":true,"href":"https:\/\/riba-panonica.hr\/en\/wp-json\/wp\/v2\/comments?post=569"}],"version-history":[{"count":8,"href":"https:\/\/riba-panonica.hr\/en\/wp-json\/wp\/v2\/pages\/569\/revisions"}],"predecessor-version":[{"id":12085,"href":"https:\/\/riba-panonica.hr\/en\/wp-json\/wp\/v2\/pages\/569\/revisions\/12085"}],"wp:attachment":[{"href":"https:\/\/riba-panonica.hr\/en\/wp-json\/wp\/v2\/media?parent=569"}],"curies":[{"name":"wp","href":"https:\/\/api.w.org\/{rel}","templated":true}]}}