{"id":25,"date":"2017-05-17T20:05:52","date_gmt":"2017-05-17T20:05:52","guid":{"rendered":"https:\/\/bayerwireless.com\/?page_id=25"},"modified":"2024-11-17T10:45:18","modified_gmt":"2024-11-17T08:45:18","slug":"kontakt","status":"publish","type":"page","link":"https:\/\/riba-panonica.hr\/en\/kontakt\/","title":{"rendered":"Kontakt"},"content":{"rendered":"<div class=\"wpb-content-wrapper\"><section data-vc-full-width=\"true\" data-vc-full-width-init=\"false\" class=\"vc_section\"><div class=\"vc_row wpb_row vc_row-fluid\"><div class=\"wpb_column vc_column_container vc_col-sm-12\"><div class=\"vc_column-inner\"><div class=\"wpb_wrapper\"><ul class=\"ltx-block-icon  has-descr  icons-count-3 align-center ltx-icon-color-main ltx-icon-size-default ltx-header-color-default ltx-icon-type-transparent ltx-bg-color-transparent layout-cols3 ltx-icon-top  row centered\"  id=\"like_sc_block_icon_867229997\"><li class=\"col-lg-4 col-md-4 col-sm-4 col-ms-4 col-xs-6\" ><div   class=\"in\"><span class=\"ltx-icon icon-fish bg-transparent\"><\/span> <h6 class=\"header\"> Sjedi\u0161te <\/h6> <div class=\"descr\">Sajmi\u0161te 110, 32000 Vukovar<\/div><\/div><\/li><li class=\"col-lg-4 col-md-4 col-sm-4 col-ms-4 col-xs-6\" ><div   class=\"in\"><span class=\"ltx-icon fas fa-phone-volume bg-transparent\"><\/span> <h6 class=\"header\"> Telefon <\/h6> <div class=\"descr\"><a href=\"tel:+385 91 151 3623\">+385 91 151 3623<\/a><\/div><\/div><\/li><li class=\"col-lg-4 col-md-4 col-sm-4 col-ms-4 col-xs-6\" ><a href=\"mailto:info@riba-panonica.hr\"   class=\"in\"><span class=\"ltx-icon fas fa-at bg-transparent\"><\/span> <h6 class=\"header\"> Email <\/h6> <div class=\"descr\">info@riba-panonica.hr<br \/>\n<\/div><\/a><\/li><\/ul><\/div><\/div><\/div><\/div><div class=\"vc_row wpb_row vc_row-fluid\"><div class=\"wpb_column vc_column_container vc_col-sm-12\"><div class=\"vc_column-inner\"><div class=\"wpb_wrapper\"><div class=\"es-resp\">\t<div class=\"visible-xl\" style=\"height: 80px;\"><\/div>\t<div class=\"hidden-xl hidden-md hidden-sm hidden-ms hidden-xs\" style=\"height: 80px;\"><\/div>\t<div class=\"visible-md\" style=\"height: 80px;\"><\/div>\t<div class=\"visible-sm\" style=\"height: 80px;\"><\/div>\t<div class=\"visible-ms\" style=\"height: 80px;\"><\/div>\t<div class=\"visible-xs\" style=\"height: 80px;\"><\/div><\/div>\n\t<div class=\"wpb_text_column wpb_content_element\" >\n\t\t<div class=\"wpb_wrapper\">\n\t\t\t<p style=\"text-align: center;\">Istar agro d.o.o.<br \/>\nSjedi\u0161te: Sajmi\u0161te 110, 32000 Vukovar, Hrvatska<\/p>\n<p style=\"text-align: center;\">Tel.:\u00a0<a href=\"tel:+38513034000\">+385 91 151 3623<\/a><\/p>\n<p style=\"text-align: center;\">Trgova\u010dki sud u Osijeku, MB: 05799473, \u00a0OIB: 31121181270<br \/>\n\u017diro-ra\u010dun Erste Banka HR1724020061101174665, Pore\u010d, Hrvatska<br \/>\nBIC CODE\/ SWIFT: ESBCHR22XXX<br \/>\nTemeljni kapital: 2.654,47 EUR upla\u0107en u cijelosti<br \/>\nDirektor: Miroslav Bala\u017e<\/p>\n\n\t\t<\/div>\n\t<\/div>\n<div class=\"es-resp\">\t<div class=\"visible-xl\" style=\"height: 80px;\"><\/div>\t<div class=\"hidden-xl hidden-md hidden-sm hidden-ms hidden-xs\" style=\"height: 80px;\"><\/div>\t<div class=\"visible-md\" style=\"height: 80px;\"><\/div>\t<div class=\"visible-sm\" style=\"height: 80px;\"><\/div>\t<div class=\"visible-ms\" style=\"height: 80px;\"><\/div>\t<div class=\"visible-xs\" style=\"height: 80px;\"><\/div><\/div><\/div><\/div><\/div><\/div><div class=\"vc_row wpb_row vc_row-fluid\"><div class=\"wpb_column vc_column_container vc_col-sm-12\"><div class=\"vc_column-inner\"><div class=\"wpb_wrapper\"><div class=\"es-resp\">\t<div class=\"visible-xl\" style=\"height: 80px;\"><\/div>\t<div class=\"hidden-xl hidden-md hidden-sm hidden-ms hidden-xs\" style=\"height: 80px;\"><\/div>\t<div class=\"visible-md\" style=\"height: 80px;\"><\/div>\t<div class=\"visible-sm\" style=\"height: 80px;\"><\/div>\t<div class=\"visible-ms\" style=\"height: 80px;\"><\/div>\t<div class=\"visible-xs\" style=\"height: 80px;\"><\/div><\/div><\/div><\/div><\/div><\/div><div data-vc-full-width=\"true\" data-vc-full-width-init=\"false\" data-vc-stretch-content=\"true\" class=\"vc_row wpb_row vc_row-fluid vc_row-no-padding\"><div class=\"wpb_column vc_column_container vc_col-sm-12\"><div class=\"vc_column-inner\"><div class=\"wpb_wrapper\"><div  id=\"like_sc_google_maps_114580287\" data-marker=\"https:\/\/riba-panonica.hr\/wp-content\/themes\/bubulla\/assets\/images\/location.png\" class=\"ltx-google-maps    vc_custom_1728797066128\" data-style=\"yellow\" data-lng=\"19.002\" data-lat=\"45.335\" data-zoom=\"15\" style=\"width: 100%; height: 450px;\"><\/div><\/div><\/div><\/div><\/div><div class=\"vc_row-full-width vc_clearfix\"><\/div><div data-vc-full-width=\"true\" data-vc-full-width-init=\"false\" class=\"vc_row wpb_row vc_row-fluid\"><div class=\"wpb_column vc_column_container vc_col-sm-12\"><div class=\"vc_column-inner\"><div class=\"wpb_wrapper\"><div class=\"ltx-content-width ltx-col-align-center ltx-block-align-left\" id=\"like_sc_content_width_278683078\" style=\"max-width: 600px\"><div class=\"ltx-wrapper\"><div class=\"es-resp\">\t<div class=\"visible-xl\" style=\"height: 32px;\"><\/div>\t<div class=\"hidden-xl hidden-md hidden-sm hidden-ms hidden-xs\" style=\"height: 32px;\"><\/div>\t<div class=\"visible-md\" style=\"height: 32px;\"><\/div>\t<div class=\"visible-sm\" style=\"height: 32px;\"><\/div>\t<div class=\"visible-ms\" style=\"height: 32px;\"><\/div>\t<div class=\"visible-xs\" style=\"height: 32px;\"><\/div><\/div><div class=\"heading header-subheader align-center color-black subcolor-main transform-default theme-icon-second icon-type-hidden   vc_custom_1722346482095 heading-tag-h4\" id=\"like_sc_header_1285350434\"><h4 data-text=\"Javite nam se\" class=\"header ltx-sr-id-like_sc_header_1285350434970559700 ltx-sr ltx-sr-effect-fade_in ltx-sr-el-block ltx-sr-delay-0 ltx-sr-duration-1000 ltx-sr-sequences-0\">Javite nam se<\/h4><\/div><div class=\"ltx-contact-form-7 transform-default form-center form-white form-bg-white form-style-default form-btn-default form-btn-default form-padding-none    vc_custom_1570132734939\"    id=\"like_sc_contact_form_7_184525163\">\n<div class=\"wpcf7 no-js\" id=\"wpcf7-f10794-o2\" lang=\"en-US\" dir=\"ltr\" data-wpcf7-id=\"10794\">\n<div class=\"screen-reader-response\"><p role=\"status\" aria-live=\"polite\" aria-atomic=\"true\"><\/p> <ul><\/ul><\/div>\n<form action=\"\/en\/wp-json\/wp\/v2\/pages\/25#wpcf7-f10794-o2\" method=\"post\" class=\"wpcf7-form init\" aria-label=\"Contact form\" novalidate=\"novalidate\" data-status=\"init\" data-trp-original-action=\"\/en\/wp-json\/wp\/v2\/pages\/25#wpcf7-f10794-o2\">\n<div style=\"display: none;\">\n<input type=\"hidden\" name=\"_wpcf7\" value=\"10794\" \/>\n<input type=\"hidden\" name=\"_wpcf7_version\" value=\"6.0.6\" \/>\n<input type=\"hidden\" name=\"_wpcf7_locale\" value=\"en_US\" \/>\n<input type=\"hidden\" name=\"_wpcf7_unit_tag\" value=\"wpcf7-f10794-o2\" \/>\n<input type=\"hidden\" name=\"_wpcf7_container_post\" value=\"0\" \/>\n<input type=\"hidden\" name=\"_wpcf7_posted_data_hash\" value=\"\" \/>\n<input type=\"hidden\" name=\"_wpcf7_recaptcha_response\" value=\"\" \/>\n<\/div>\n<div class=\"row\">\n\t<div class=\"col-lg-12\">\n\t\t<p><span class=\"wpcf7-form-control-wrap\" data-name=\"field-header\"><input size=\"40\" maxlength=\"400\" class=\"wpcf7-form-control wpcf7-text wpcf7-validates-as-required\" aria-required=\"true\" aria-invalid=\"false\" placeholder=\"Va\u0161e ime\" value=\"\" type=\"text\" name=\"field-header\" \/><\/span>\n\t\t<\/p>\n\t<\/div>\n\t<div class=\"col-lg-12\">\n\t\t<p><span class=\"wpcf7-form-control-wrap\" data-name=\"field-header2\"><input size=\"40\" maxlength=\"400\" class=\"wpcf7-form-control wpcf7-text wpcf7-validates-as-required\" aria-required=\"true\" aria-invalid=\"false\" placeholder=\"Va\u0161 Mail\" value=\"\" type=\"text\" name=\"field-header2\" \/><\/span>\n\t\t<\/p>\n\t<\/div>\n<\/div>\n<p><span class=\"wpcf7-form-control-wrap\" data-name=\"field-header-3\"><textarea cols=\"40\" rows=\"10\" maxlength=\"2000\" class=\"wpcf7-form-control wpcf7-textarea\" aria-invalid=\"false\" placeholder=\"Poruka\" name=\"field-header-3\"><\/textarea><\/span>\n<\/p>\n<p><input class=\"wpcf7-form-control wpcf7-submit has-spinner\" type=\"submit\" value=\"Po\u0161alji\" \/>\n<\/p><p style=\"display: none !important;\" class=\"akismet-fields-container\" data-prefix=\"_wpcf7_ak_\"><label>&#916;<textarea name=\"_wpcf7_ak_hp_textarea\" cols=\"45\" rows=\"8\" maxlength=\"100\"><\/textarea><\/label><input type=\"hidden\" id=\"ak_js_2\" name=\"_wpcf7_ak_js\" value=\"93\"\/><script>document.getElementById( \"ak_js_2\" ).setAttribute( \"value\", ( new Date() ).getTime() );<\/script><\/p><div class=\"wpcf7-response-output\" aria-hidden=\"true\"><\/div>\n<input type=\"hidden\" name=\"trp-form-language\" value=\"en\"\/><\/form>\n<\/div>\n<\/div><\/div><\/div><\/div><\/div><\/div><\/div><div class=\"vc_row-full-width vc_clearfix\"><\/div><\/section><div class=\"vc_row-full-width vc_clearfix\"><\/div>\n<\/div>","protected":false},"excerpt":{"rendered":"Sjedi\u0161te Sajmi\u0161te 110, 32000 Vukovar Telefon +385 91 151 3623 Email info@riba-panonica.hr Istar agro d.o.o. Sjedi\u0161te: Sajmi\u0161te 110, 32000 Vukovar, Hrvatska Tel.:\u00a0+385 91 151 3623 Trgova\u010dki sud u Osijeku, MB: 05799473, \u00a0OIB: 31121181270 \u017diro-ra\u010dun Erste Banka HR1724020061101174665, Pore\u010d, Hrvatska BIC CODE\/ SWIFT: ESBCHR22XXX Temeljni kapital: 2.654,47 EUR upla\u0107en u cijelosti Direktor: Miroslav Bala\u017e Javite nam se &#916;","protected":false},"author":1,"featured_media":0,"parent":0,"menu_order":0,"comment_status":"closed","ping_status":"closed","template":"page-templates\/full-width.php","meta":{"_acf_changed":false,"cybocfi_hide_featured_image":"","footnotes":""},"class_list":["post-25","page","type-page","status-publish","hentry"],"acf":[],"yoast_head":"<!-- This site is optimized with the Yoast SEO plugin v25.2 - https:\/\/yoast.com\/wordpress\/plugins\/seo\/ -->\n<title>Kontakt - Riba Panonica<\/title>\n<meta name=\"robots\" content=\"index, follow, max-snippet:-1, max-image-preview:large, max-video-preview:-1\" \/>\n<link rel=\"canonical\" href=\"https:\/\/riba-panonica.hr\/en\/kontakt\/\" \/>\n<meta property=\"og:locale\" content=\"en_GB\" \/>\n<meta property=\"og:type\" content=\"article\" \/>\n<meta property=\"og:title\" content=\"Kontakt - Riba Panonica\" \/>\n<meta property=\"og:url\" content=\"https:\/\/riba-panonica.hr\/en\/kontakt\/\" \/>\n<meta property=\"og:site_name\" content=\"Riba Panonica\" \/>\n<meta property=\"article:modified_time\" content=\"2024-11-17T08:45:18+00:00\" \/>\n<meta name=\"twitter:card\" content=\"summary_large_image\" \/>\n<meta name=\"twitter:label1\" content=\"Estimated reading time\" \/>\n\t<meta name=\"twitter:data1\" content=\"1 minute\" \/>\n<script type=\"application\/ld+json\" class=\"yoast-schema-graph\">{\"@context\":\"https:\/\/schema.org\",\"@graph\":[{\"@type\":\"WebPage\",\"@id\":\"https:\/\/riba-panonica.hr\/kontakt\/\",\"url\":\"https:\/\/riba-panonica.hr\/kontakt\/\",\"name\":\"Kontakt - Riba Panonica\",\"isPartOf\":{\"@id\":\"https:\/\/riba-panonica.hr\/#website\"},\"datePublished\":\"2017-05-17T20:05:52+00:00\",\"dateModified\":\"2024-11-17T08:45:18+00:00\",\"breadcrumb\":{\"@id\":\"https:\/\/riba-panonica.hr\/kontakt\/#breadcrumb\"},\"inLanguage\":\"en-GB\",\"potentialAction\":[{\"@type\":\"ReadAction\",\"target\":[\"https:\/\/riba-panonica.hr\/kontakt\/\"]}]},{\"@type\":\"BreadcrumbList\",\"@id\":\"https:\/\/riba-panonica.hr\/kontakt\/#breadcrumb\",\"itemListElement\":[{\"@type\":\"ListItem\",\"position\":1,\"name\":\"Home\",\"item\":\"https:\/\/riba-panonica.hr\/\"},{\"@type\":\"ListItem\",\"position\":2,\"name\":\"Kontakt\"}]},{\"@type\":\"WebSite\",\"@id\":\"https:\/\/riba-panonica.hr\/#website\",\"url\":\"https:\/\/riba-panonica.hr\/\",\"name\":\"Riba Panonica\",\"description\":\"\",\"potentialAction\":[{\"@type\":\"SearchAction\",\"target\":{\"@type\":\"EntryPoint\",\"urlTemplate\":\"https:\/\/riba-panonica.hr\/?s={search_term_string}\"},\"query-input\":{\"@type\":\"PropertyValueSpecification\",\"valueRequired\":true,\"valueName\":\"search_term_string\"}}],\"inLanguage\":\"en-GB\"}]}<\/script>\n<!-- \/ Yoast SEO plugin. -->","yoast_head_json":{"title":"Kontakt - Riba Panonica","robots":{"index":"index","follow":"follow","max-snippet":"max-snippet:-1","max-image-preview":"max-image-preview:large","max-video-preview":"max-video-preview:-1"},"canonical":"https:\/\/riba-panonica.hr\/en\/kontakt\/","og_locale":"en_GB","og_type":"article","og_title":"Kontakt - Riba Panonica","og_url":"https:\/\/riba-panonica.hr\/en\/kontakt\/","og_site_name":"Riba Panonica","article_modified_time":"2024-11-17T08:45:18+00:00","twitter_card":"summary_large_image","twitter_misc":{"Estimated reading time":"1 minute"},"schema":{"@context":"https:\/\/schema.org","@graph":[{"@type":"WebPage","@id":"https:\/\/riba-panonica.hr\/kontakt\/","url":"https:\/\/riba-panonica.hr\/kontakt\/","name":"Kontakt - Riba Panonica","isPartOf":{"@id":"https:\/\/riba-panonica.hr\/#website"},"datePublished":"2017-05-17T20:05:52+00:00","dateModified":"2024-11-17T08:45:18+00:00","breadcrumb":{"@id":"https:\/\/riba-panonica.hr\/kontakt\/#breadcrumb"},"inLanguage":"en-GB","potentialAction":[{"@type":"ReadAction","target":["https:\/\/riba-panonica.hr\/kontakt\/"]}]},{"@type":"BreadcrumbList","@id":"https:\/\/riba-panonica.hr\/kontakt\/#breadcrumb","itemListElement":[{"@type":"ListItem","position":1,"name":"Home","item":"https:\/\/riba-panonica.hr\/"},{"@type":"ListItem","position":2,"name":"Kontakt"}]},{"@type":"WebSite","@id":"https:\/\/riba-panonica.hr\/#website","url":"https:\/\/riba-panonica.hr\/","name":"Riba Panonica","description":"","potentialAction":[{"@type":"SearchAction","target":{"@type":"EntryPoint","urlTemplate":"https:\/\/riba-panonica.hr\/?s={search_term_string}"},"query-input":{"@type":"PropertyValueSpecification","valueRequired":true,"valueName":"search_term_string"}}],"inLanguage":"en-GB"}]}},"_links":{"self":[{"href":"https:\/\/riba-panonica.hr\/en\/wp-json\/wp\/v2\/pages\/25","targetHints":{"allow":["GET"]}}],"collection":[{"href":"https:\/\/riba-panonica.hr\/en\/wp-json\/wp\/v2\/pages"}],"about":[{"href":"https:\/\/riba-panonica.hr\/en\/wp-json\/wp\/v2\/types\/page"}],"author":[{"embeddable":true,"href":"https:\/\/riba-panonica.hr\/en\/wp-json\/wp\/v2\/users\/1"}],"replies":[{"embeddable":true,"href":"https:\/\/riba-panonica.hr\/en\/wp-json\/wp\/v2\/comments?post=25"}],"version-history":[{"count":23,"href":"https:\/\/riba-panonica.hr\/en\/wp-json\/wp\/v2\/pages\/25\/revisions"}],"predecessor-version":[{"id":12253,"href":"https:\/\/riba-panonica.hr\/en\/wp-json\/wp\/v2\/pages\/25\/revisions\/12253"}],"wp:attachment":[{"href":"https:\/\/riba-panonica.hr\/en\/wp-json\/wp\/v2\/media?parent=25"}],"curies":[{"name":"wp","href":"https:\/\/api.w.org\/{rel}","templated":true}]}}