{"id":2253,"date":"2017-09-16T19:23:00","date_gmt":"2017-09-16T19:23:00","guid":{"rendered":"https:\/\/bayerwireless.com\/?page_id=2253"},"modified":"2024-10-17T12:52:22","modified_gmt":"2024-10-17T10:52:22","slug":"ucestala-pitanja","status":"publish","type":"page","link":"https:\/\/riba-panonica.hr\/en\/ucestala-pitanja\/","title":{"rendered":"U\u010destala pitanja"},"content":{"rendered":"<div class=\"wpb-content-wrapper\"><section class=\"vc_section\"><div class=\"vc_row wpb_row vc_row-fluid\"><div class=\"wpb_column vc_column_container vc_col-sm-4\"><div class=\"vc_column-inner\"><div class=\"wpb_wrapper\"><div class=\"heading header-subheader align-left subcolor-main transform-default theme-icon-second icon-type-hidden heading-tag-h4\" id=\"like_sc_header_661364141\"><h4 data-text=\"Ukoliko \u017eelite saznati vi\u0161e\" class=\"header ltx-sr-id-like_sc_header_6613641411342488198 ltx-sr ltx-sr-effect-fade_in ltx-sr-el-block ltx-sr-delay-0 ltx-sr-duration-1000 ltx-sr-sequences-0\">Ukoliko \u017eelite saznati vi\u0161e<\/h4><\/div>\n\t<div class=\"wpb_text_column wpb_content_element\" >\n\t\t<div class=\"wpb_wrapper\">\n\t\t\t<p>Na\u0161 Riba Panonica tim \u0107e Vam rado odgovoriti na sva Va\u0161a pitanja, prijedloge i primjedbe.<\/p>\n\n\t\t<\/div>\n\t<\/div>\n<div class=\"es-resp\">\t<div class=\"visible-xl\" style=\"height: 32px;\"><\/div>\t<div class=\"hidden-xl hidden-md hidden-sm hidden-ms hidden-xs\" style=\"height: 32px;\"><\/div>\t<div class=\"visible-md\" style=\"height: 32px;\"><\/div>\t<div class=\"visible-sm\" style=\"height: 32px;\"><\/div>\t<div class=\"visible-ms\" style=\"height: 32px;\"><\/div>\t<div class=\"visible-xs\" style=\"height: 32px;\"><\/div><\/div><ul class=\"ltx-block-icon  icons-count-3 align-left ltx-icon-color-main ltx-icon-size-sm ltx-header-color-default ltx-icon-type-transparent ltx-bg-color-transparent layout-cols1 ltx-icon-h-right\"  id=\"like_sc_block_icon_207023757\"><li ><a href=\"tel:+385911513623\"   class=\"in\"><span class=\"ltx-icon fas fa-phone bg-transparent\"><\/span> <h6 class=\"header\"> +385 91 1513 623 <\/h6> <\/a><\/li><li ><a href=\"mailto:info@riba-panonica.hr\"   class=\"in\"><span class=\"ltx-icon far fa-envelope bg-transparent\"><\/span> <h6 class=\"header\"> info@riba-panonica.hr <\/h6> <\/a><\/li><li ><div   class=\"in\"><span class=\"ltx-icon fas fa-map-marker-alt bg-transparent\"><\/span> <h6 class=\"header\"> Sajmi\u0161te 110, 32000 Vukovar <\/h6> <\/div><\/li><\/ul><\/div><\/div><\/div><div class=\"wpb_column vc_column_container vc_col-sm-8\"><div class=\"vc_column-inner\"><div class=\"wpb_wrapper\"><div class=\"vc_tta-container\" data-vc-action=\"collapse\"><div class=\"vc_general vc_tta vc_tta-accordion vc_tta-color-grey vc_tta-style-classic vc_tta-shape-rounded vc_tta-o-shape-group vc_tta-controls-align-default\"><div class=\"vc_tta-panels-container\"><div class=\"vc_tta-panels\"><div class=\"vc_tta-panel vc_active\" id=\"1568282635582-254bfc81-ee9c\" data-vc-content=\".vc_tta-panel-body\"><div class=\"vc_tta-panel-heading\"><h4 class=\"vc_tta-panel-title vc_tta-controls-icon-position-left\"><a href=\"#1568282635582-254bfc81-ee9c\" data-vc-accordion data-vc-container=\".vc_tta-container\"><span class=\"vc_tta-title-text\">\u0160to je RIBA PANONICA?<\/span><i class=\"vc_tta-controls-icon vc_tta-controls-icon-plus\"><\/i><\/a><\/h4><\/div><div class=\"vc_tta-panel-body\">\n\t<div class=\"wpb_text_column wpb_content_element\" >\n\t\t<div class=\"wpb_wrapper\">\n\t\t\t<ul class=\"disc\">\n<li><strong>Ukusni i zdravi proizvodi<\/strong> \u2013 Riba Panonica nudi lagane burgere, \u0107evap\u010di\u0107e i kobasice napravljene od rije\u010dne ribe, idealne za uravnote\u017eenu prehranu.<\/li>\n<li><strong>Proizvodi od rije\u010dne ribe hrvatskog Podunavlja<\/strong> \u2013 Sva riba je svje\u017ee ulovljena u hrvatskom podunavskom podru\u010dju, \u0161to jam\u010di kvalitetu i svje\u017einu.<\/li>\n<li><strong>Duboko smrznuti proizvodi<\/strong> \u2013 Riba Panonica nudi proizvode koji su duboko smrznuti kako bi zadr\u017eali nutritivne vrijednosti i svje\u017einu.<\/li>\n<li><strong>Brza i sigurna priprema<\/strong> \u2013 Proizvodi su pripremljeni u kratkom postupku, uz po\u0161tivanje svih standarda proizvodnje, \u010dime se osigurava visoka razina sigurnosti hrane.<\/li>\n<\/ul>\n\n\t\t<\/div>\n\t<\/div>\n<\/div><\/div><div class=\"vc_tta-panel\" id=\"1568284227046-386cc7c0-717d\" data-vc-content=\".vc_tta-panel-body\"><div class=\"vc_tta-panel-heading\"><h4 class=\"vc_tta-panel-title vc_tta-controls-icon-position-left\"><a href=\"#1568284227046-386cc7c0-717d\" data-vc-accordion data-vc-container=\".vc_tta-container\"><span class=\"vc_tta-title-text\">Gdje kupiti?<\/span><i class=\"vc_tta-controls-icon vc_tta-controls-icon-plus\"><\/i><\/a><\/h4><\/div><div class=\"vc_tta-panel-body\">\n\t<div class=\"wpb_text_column wpb_content_element\" >\n\t\t<div class=\"wpb_wrapper\">\n\t\t\t<ul class=\"disc\">\n<li>Riba Panonica proizvodi mogu se kupiti u svim Spar I Interspar trgovinama u hrvatskoj.<\/li>\n<\/ul>\n\n\t\t<\/div>\n\t<\/div>\n<\/div><\/div><div class=\"vc_tta-panel\" id=\"1568284226766-7bb39ae6-4ed5\" data-vc-content=\".vc_tta-panel-body\"><div class=\"vc_tta-panel-heading\"><h4 class=\"vc_tta-panel-title vc_tta-controls-icon-position-left\"><a href=\"#1568284226766-7bb39ae6-4ed5\" data-vc-accordion data-vc-container=\".vc_tta-container\"><span class=\"vc_tta-title-text\">Koji su okusi proizvoda riba Panonica?<\/span><i class=\"vc_tta-controls-icon vc_tta-controls-icon-plus\"><\/i><\/a><\/h4><\/div><div class=\"vc_tta-panel-body\">\n\t<div class=\"wpb_text_column wpb_content_element\" >\n\t\t<div class=\"wpb_wrapper\">\n\t\t\t<p>Panonica proizvodi dostupni su u \u010detiti oblika :<\/p>\n<ul class=\"disc\">\n<li>Burger okrugli<\/li>\n<li>Burger u obliku ribe<\/li>\n<li>\u010cevap\u010di\u010di<\/li>\n<li>Riblje kobasice (ribasice)<\/li>\n<\/ul>\n<p>Svi proizvodi napravljeni su u tri\u00a0 okusa :<\/p>\n<p><strong>Classico<\/strong> \u2013 jednostavni, lagani, blago za\u010dinjeni<br \/>\n<strong>Picante<\/strong> \u2013 okus poja\u010dan mrvljenom baranjskom feferonom -pikantno i ukusno<br \/>\n<strong>Aromatic<\/strong> \u2013 aromati\u010dan okus ukusnog ribljeg mesa sa dodacima aromati\u010dnog mediteranskog bilja<\/p>\n\n\t\t<\/div>\n\t<\/div>\n<\/div><\/div><div class=\"vc_tta-panel\" id=\"1568284226631-feb6af68-7330\" data-vc-content=\".vc_tta-panel-body\"><div class=\"vc_tta-panel-heading\"><h4 class=\"vc_tta-panel-title vc_tta-controls-icon-position-left\"><a href=\"#1568284226631-feb6af68-7330\" data-vc-accordion data-vc-container=\".vc_tta-container\"><span class=\"vc_tta-title-text\">Kako se prodaju proizvodi riba Panonica?<\/span><i class=\"vc_tta-controls-icon vc_tta-controls-icon-plus\"><\/i><\/a><\/h4><\/div><div class=\"vc_tta-panel-body\">\n\t<div class=\"wpb_text_column wpb_content_element\" >\n\t\t<div class=\"wpb_wrapper\">\n\t\t\t<ul class=\"disc\">\n<li>Svi proizvodi su duboko smrznuti na tempraturi -18 C*<\/li>\n<\/ul>\n\n\t\t<\/div>\n\t<\/div>\n<\/div><\/div><div class=\"vc_tta-panel\" id=\"1568284226489-ec9522b4-13e2\" data-vc-content=\".vc_tta-panel-body\"><div class=\"vc_tta-panel-heading\"><h4 class=\"vc_tta-panel-title vc_tta-controls-icon-position-left\"><a href=\"#1568284226489-ec9522b4-13e2\" data-vc-accordion data-vc-container=\".vc_tta-container\"><span class=\"vc_tta-title-text\">Kako se pripremaju proizvodi riba Panonica?<\/span><i class=\"vc_tta-controls-icon vc_tta-controls-icon-plus\"><\/i><\/a><\/h4><\/div><div class=\"vc_tta-panel-body\">\n\t<div class=\"wpb_text_column wpb_content_element\" >\n\t\t<div class=\"wpb_wrapper\">\n\t\t\t<ul class=\"disc\">\n<li>Sve proizvode pripremamp bez prethodnog odmrzavanja OBAVEZNO na umjerenoj vatri, pe\u0107i sa svake strane po 5-7 minuta, obavezno obje strane politi sa nekoliko kapi doma\u0107eg ulja (maslinovog), po \u017eelji dodati 2-3 kapi sirupa acceto balsamico.<\/li>\n<\/ul>\n\n\t\t<\/div>\n\t<\/div>\n<\/div><\/div><\/div><\/div><\/div><\/div><\/div><\/div><\/div><\/div><\/section>\n<\/div>","protected":false},"excerpt":{"rendered":"Ukoliko \u017eelite saznati vi\u0161e Na\u0161 Riba Panonica tim \u0107e Vam rado odgovoriti na sva Va\u0161a pitanja, prijedloge i primjedbe. +385 91 1513 623 info@riba-panonica.hr Sajmi\u0161te 110, 32000 Vukovar \u0160to je RIBA PANONICA? Ukusni i zdravi proizvodi \u2013 Riba Panonica nudi lagane burgere, \u0107evap\u010di\u0107e i kobasice napravljene od rije\u010dne ribe, idealne za uravnote\u017eenu prehranu. Proizvodi od rije\u010dne ribe hrvatskog Podunavlja \u2013 Sva riba je svje\u017ee ulovljena u hrvatskom podunavskom podru\u010dju, \u0161to jam\u010di kvalitetu i svje\u017einu. Duboko smrznuti proizvodi \u2013 Riba Panonica nudi proizvode koji su duboko smrznuti kako bi zadr\u017eali nutritivne vrijednosti i svje\u017einu. Brza i sigurna priprema \u2013 Proizvodi su pripremljeni u kratkom postupku, uz po\u0161tivanje svih standarda proizvodnje, \u010dime se osigurava visoka razina sigurnosti hrane. Gdje kupiti? Riba Panonica proizvodi mogu se kupiti u svim Spar I Interspar trgovinama u hrvatskoj. Koji su okusi proizvoda riba Panonica? Panonica proizvodi [...]","protected":false},"author":1,"featured_media":0,"parent":0,"menu_order":0,"comment_status":"closed","ping_status":"closed","template":"page-templates\/full-width.php","meta":{"_acf_changed":false,"cybocfi_hide_featured_image":"","footnotes":""},"class_list":["post-2253","page","type-page","status-publish","hentry"],"acf":[],"yoast_head":"<!-- This site is optimized with the Yoast SEO plugin v25.2 - https:\/\/yoast.com\/wordpress\/plugins\/seo\/ -->\n<title>U\u010destala pitanja - Riba Panonica<\/title>\n<meta name=\"robots\" content=\"index, follow, max-snippet:-1, max-image-preview:large, max-video-preview:-1\" \/>\n<link rel=\"canonical\" href=\"https:\/\/riba-panonica.hr\/en\/ucestala-pitanja\/\" \/>\n<meta property=\"og:locale\" content=\"en_GB\" \/>\n<meta property=\"og:type\" content=\"article\" \/>\n<meta property=\"og:title\" content=\"U\u010destala pitanja - Riba Panonica\" \/>\n<meta property=\"og:url\" content=\"https:\/\/riba-panonica.hr\/en\/ucestala-pitanja\/\" \/>\n<meta property=\"og:site_name\" content=\"Riba Panonica\" \/>\n<meta property=\"article:modified_time\" content=\"2024-10-17T10:52:22+00:00\" \/>\n<meta name=\"twitter:card\" content=\"summary_large_image\" \/>\n<meta name=\"twitter:label1\" content=\"Estimated reading time\" \/>\n\t<meta name=\"twitter:data1\" content=\"2 minutes\" \/>\n<script type=\"application\/ld+json\" class=\"yoast-schema-graph\">{\"@context\":\"https:\/\/schema.org\",\"@graph\":[{\"@type\":\"WebPage\",\"@id\":\"https:\/\/riba-panonica.hr\/ucestala-pitanja\/\",\"url\":\"https:\/\/riba-panonica.hr\/ucestala-pitanja\/\",\"name\":\"U\u010destala pitanja - Riba Panonica\",\"isPartOf\":{\"@id\":\"https:\/\/riba-panonica.hr\/#website\"},\"datePublished\":\"2017-09-16T19:23:00+00:00\",\"dateModified\":\"2024-10-17T10:52:22+00:00\",\"breadcrumb\":{\"@id\":\"https:\/\/riba-panonica.hr\/ucestala-pitanja\/#breadcrumb\"},\"inLanguage\":\"en-GB\",\"potentialAction\":[{\"@type\":\"ReadAction\",\"target\":[\"https:\/\/riba-panonica.hr\/ucestala-pitanja\/\"]}]},{\"@type\":\"BreadcrumbList\",\"@id\":\"https:\/\/riba-panonica.hr\/ucestala-pitanja\/#breadcrumb\",\"itemListElement\":[{\"@type\":\"ListItem\",\"position\":1,\"name\":\"Home\",\"item\":\"https:\/\/riba-panonica.hr\/\"},{\"@type\":\"ListItem\",\"position\":2,\"name\":\"U\u010destala pitanja\"}]},{\"@type\":\"WebSite\",\"@id\":\"https:\/\/riba-panonica.hr\/#website\",\"url\":\"https:\/\/riba-panonica.hr\/\",\"name\":\"Riba Panonica\",\"description\":\"\",\"potentialAction\":[{\"@type\":\"SearchAction\",\"target\":{\"@type\":\"EntryPoint\",\"urlTemplate\":\"https:\/\/riba-panonica.hr\/?s={search_term_string}\"},\"query-input\":{\"@type\":\"PropertyValueSpecification\",\"valueRequired\":true,\"valueName\":\"search_term_string\"}}],\"inLanguage\":\"en-GB\"}]}<\/script>\n<!-- \/ Yoast SEO plugin. -->","yoast_head_json":{"title":"U\u010destala pitanja - Riba Panonica","robots":{"index":"index","follow":"follow","max-snippet":"max-snippet:-1","max-image-preview":"max-image-preview:large","max-video-preview":"max-video-preview:-1"},"canonical":"https:\/\/riba-panonica.hr\/en\/ucestala-pitanja\/","og_locale":"en_GB","og_type":"article","og_title":"U\u010destala pitanja - Riba Panonica","og_url":"https:\/\/riba-panonica.hr\/en\/ucestala-pitanja\/","og_site_name":"Riba Panonica","article_modified_time":"2024-10-17T10:52:22+00:00","twitter_card":"summary_large_image","twitter_misc":{"Estimated reading time":"2 minutes"},"schema":{"@context":"https:\/\/schema.org","@graph":[{"@type":"WebPage","@id":"https:\/\/riba-panonica.hr\/ucestala-pitanja\/","url":"https:\/\/riba-panonica.hr\/ucestala-pitanja\/","name":"U\u010destala pitanja - Riba Panonica","isPartOf":{"@id":"https:\/\/riba-panonica.hr\/#website"},"datePublished":"2017-09-16T19:23:00+00:00","dateModified":"2024-10-17T10:52:22+00:00","breadcrumb":{"@id":"https:\/\/riba-panonica.hr\/ucestala-pitanja\/#breadcrumb"},"inLanguage":"en-GB","potentialAction":[{"@type":"ReadAction","target":["https:\/\/riba-panonica.hr\/ucestala-pitanja\/"]}]},{"@type":"BreadcrumbList","@id":"https:\/\/riba-panonica.hr\/ucestala-pitanja\/#breadcrumb","itemListElement":[{"@type":"ListItem","position":1,"name":"Home","item":"https:\/\/riba-panonica.hr\/"},{"@type":"ListItem","position":2,"name":"U\u010destala pitanja"}]},{"@type":"WebSite","@id":"https:\/\/riba-panonica.hr\/#website","url":"https:\/\/riba-panonica.hr\/","name":"Riba Panonica","description":"","potentialAction":[{"@type":"SearchAction","target":{"@type":"EntryPoint","urlTemplate":"https:\/\/riba-panonica.hr\/?s={search_term_string}"},"query-input":{"@type":"PropertyValueSpecification","valueRequired":true,"valueName":"search_term_string"}}],"inLanguage":"en-GB"}]}},"_links":{"self":[{"href":"https:\/\/riba-panonica.hr\/en\/wp-json\/wp\/v2\/pages\/2253","targetHints":{"allow":["GET"]}}],"collection":[{"href":"https:\/\/riba-panonica.hr\/en\/wp-json\/wp\/v2\/pages"}],"about":[{"href":"https:\/\/riba-panonica.hr\/en\/wp-json\/wp\/v2\/types\/page"}],"author":[{"embeddable":true,"href":"https:\/\/riba-panonica.hr\/en\/wp-json\/wp\/v2\/users\/1"}],"replies":[{"embeddable":true,"href":"https:\/\/riba-panonica.hr\/en\/wp-json\/wp\/v2\/comments?post=2253"}],"version-history":[{"count":9,"href":"https:\/\/riba-panonica.hr\/en\/wp-json\/wp\/v2\/pages\/2253\/revisions"}],"predecessor-version":[{"id":12243,"href":"https:\/\/riba-panonica.hr\/en\/wp-json\/wp\/v2\/pages\/2253\/revisions\/12243"}],"wp:attachment":[{"href":"https:\/\/riba-panonica.hr\/en\/wp-json\/wp\/v2\/media?parent=2253"}],"curies":[{"name":"wp","href":"https:\/\/api.w.org\/{rel}","templated":true}]}}